{"id":71,"date":"2020-09-19T21:01:41","date_gmt":"2020-09-19T13:01:41","guid":{"rendered":"http:\/\/nbaoke.com\/?page_id=71"},"modified":"2025-07-31T15:26:02","modified_gmt":"2025-07-31T07:26:02","slug":"contact","status":"publish","type":"page","link":"https:\/\/www.nbaoke.com\/cn\/contact\/","title":{"rendered":"\u8054\u7cfb\u6211\u4eec"},"content":{"rendered":"\n<div class=\"wp-block-cover alignfull is-position-center-center\" style=\"min-height:575px\"><span aria-hidden=\"true\" class=\"wp-block-cover__background has-background-dim-100 has-background-dim\" style=\"background-color:#0b64a0\"><\/span><div class=\"wp-block-cover__inner-container is-layout-flow wp-block-cover-is-layout-flow\">\n<h2 class=\"wp-block-heading has-text-align-center\"><strong>\u5168\u7403\u5e02\u573a<\/strong><\/h2>\n\n\n\n<p class=\"has-text-align-center has-medium-font-size\">\u5168\u9762\u8986\u76d66\u5927\u6d32\uff0c\u4e3a\u5168\u7403\u5e02\u573a\u63d0\u4f9b\u4e13\u4e1a\u4f18\u8d28\u7684\u529e\u516c\u8bbe\u5907\u548c\u6280\u672f\u652f\u6301\u3002<\/p>\n\n\n\n<style>\nfigure{position:relative;}\n.pit {\n\tposition: absolute;\n\ttop: 0;\n\tleft: 0;\n\tz-index: 2;\n\twidth: 100%;\n\theight: 100%;\n}\n\n.pita {\n\tposition: absolute;\n\tmargin-right: 11px;\n\twidth: 22px;\n\theight: 22px;\n\tborder-radius: 50%;\n\tvertical-align: middle;\n\tcursor: pointer;\n}\n.pita a{\ndisplay:block;\nwidth:120px;\nheight:100%\n}\n.pita span {\n\tposition: absolute;\n\ttop: 50%;\n\tleft: 50%;\n\tdisplay: block;\n\tmargin: -4px 0 0 -4px;\n\twidth: 8px;\n\theight: 8px;\n\tborder-radius: 50%;\n\tbackground-color: #eee;\n\topacity: 1;\n\tcursor: pointer;\n}\n\n.pita span::after {\n\tposition: absolute;\n\ttop: 0;\n\tleft: 0;\n\twidth: 0.5em;\n\theight: 0.5em;\n\tborder-radius: 50%;\n\t-webkit-box-shadow: inset #008cff 0 0 5px;\n\tbox-shadow: inset #008cff 0 0 5px;\n\tcontent: '';\n\topacity: 1;\n\t-webkit-animation: warn 6s ease .3s infinite;\n\tanimation: warn 6s ease .3s infinite;\n}\n\n.pita span:hover:after {\n}\n\n.pin_text {\n\tposition: absolute;\n\ttop: 0;\n\tright: 100%;\n\tleft: auto;\n\tpadding-right: 5px;\n\tpadding-left: 0;\n\tcolor: #eee;\n\ttext-transform: uppercase;\n\twhite-space: nowrap;\n\tfont-size: 14px;\n\tline-height: 22px;\n}\n.l1 .pin_text{\nfont-size: 18px;\n}\n.l2 .pin_text{\nfont-size: 15px;\n}\n.l3 .pin_text{\nfont-size: 12px;top:-3px\n}\n.l3.pita {\n     width: 16px;\n    height: 16px;\nopacity: .8;\n}\n.l3.pita span{\nmargin: -3px 0 0 -3px;\n    width: 6px;\n    height: 6px\n}\n.l3.pita span::after{\ndisplay:none;\n}\n.pita.china {\n\ttop: 44.9%;\n\tleft: 79.1%;\n}\n\n.pita.china span {\n\tbackground-color: #db1717;\n}\n\n.pita {\n\tborder: 1px solid #fff;\n}\n\n.pita.eu {\n \tleft: 48%;\n \ttop: 30%;\n }\n .pita.taiguo.eu  {\n \t  left: 75%;\n \t  top: 53%;\n }\n .pita.na {\n \tleft: 18%;\n \ttop: 40%;\n }\n .pita.sa {\n \tleft: 51%;\n \ttop: 22%;\n }\n .pita.af {\n \tleft: 53%;\n \ttop: 32%;\n }\n\n\n .pita.af .pin_text{\nright: auto;\nleft: 23px;\n}\n .pita.au {\n \tleft: 57%;\n \ttop: 41%;\n }\n\n.pita.dibai {\n \tleft: 60%;\n \ttop: 48%;\n }\n .pita.malai {\n \ttop: 60.9%;\n    left: 76.1%;\n }\n\n.pita.eu span::after {\n\t-webkit-animation: warn3 5s ease-out .1s infinite;\n\tanimation: warn3 5s ease-out .1s infinite;\n\n}\n.pita.taiguo span::after {\ndisplay:none\n}\n.pita.na span::after {\n\t-webkit-animation: warn3 3s ease-in .5s infinite;\n\tanimation: warn3 3s ease-in .5s infinite;\n}\n\n.pita.af span::after {\n\t-webkit-animation: warn4 5s ease-out .1s infinite;\n\tanimation: warn4 5s ease-out .1s infinite;\n}\n\n.pita.au span::after {\n\t-webkit-animation: warn5 7s ease-out .1s infinite;\n\tanimation: warn5 7s ease-out .1s infinite;\n}\n\n.pita.sa span::after {\n\t-webkit-animation: warn6 4s ease-out .1s infinite;\n\tanimation: warn6 4s ease-out .1s infinite;\n}\n\n@keyframes warn {\n\t0% {\n\t\topacity: .3;\n\t\t-webkit-transform: scale(.1);\n\t\ttransform: scale(.1);\n\t}\n\n\t5% {\n\t\topacity: 1;\n\t}\n\n\tto {\n\t\topacity: .1;\n\t\t-webkit-transform: scale(44);\n\t\ttransform: scale(44);\n\t}\n}\n\n@keyframes warn2 {\n\t0% {\n\t\topacity: .3;\n\t\t-webkit-transform: scale(.1);\n\t\ttransform: scale(.1);\n\t}\n\n\t5% {\n\t\topacity: 1;\n\t}\n\n\tto {\n\t\topacity: .2;\n\t\t-webkit-transform: scale(8);\n\t\ttransform: scale(8);\n\t}\n}\n\n@keyframes warn3 {\n\t0% {\n\t\topacity: .3;\n\t\t-webkit-transform: scale(.1);\n\t\ttransform: scale(.1);\n\t}\n\n\t5% {\n\t\topacity: 1;\n\t}\n\n\tto {\n\t\topacity: .3;\n\t\t-webkit-transform: scale(18);\n\t\ttransform: scale(18);\n\t}\n}\n\n@keyframes warn4 {\n\t0% {\n\t\topacity: .2;\n\t\t-webkit-transform: scale(.1);\n\t\ttransform: scale(.1);\n\t}\n\n\t5% {\n\t\topacity: 1;\n\t}\n\n\tto {\n\t\topacity: .2;\n\t\t-webkit-transform: scale(15);\n\t\ttransform: scale(15);\n\t}\n}\n\n@keyframes warn5 {\n\t0% {\n\t\topacity: .2;\n\t\t-webkit-transform: scale(.1);\n\t\ttransform: scale(.1);\n\t}\n\n\t5% {\n\t\topacity: 1;\n\t}\n\n\tto {\n\t\topacity: .2;\n\t\t-webkit-transform: scale(5);\n\t\ttransform: scale(5);\n\t}\n}\n\n@keyframes warn6 {\n\t0% {\n\t\topacity: .2;\n\t\t-webkit-transform: scale(.1);\n\t\ttransform: scale(.1);\n\t}\n\n\t5% {\n\t\topacity: 1;\n\t}\n\n\tto {\n\t\topacity: .2;\n\t\t-webkit-transform: scale(15);\n\t\ttransform: scale(15);\n\t}\n}\n<\/style>\n<div class=\"wp-block-image\"><figure class=\"aligncenter size-large is-resized\"><img loading=\"lazy\" decoding=\"async\" src=\"http:\/\/nbaoke.com\/wp-content\/uploads\/2020\/09\/map-1024x496.png\" alt=\"\" class=\"wp-image-113\" width=\"1012\" height=\"490\" srcset=\"https:\/\/www.nbaoke.com\/cn\/wp-content\/uploads\/2020\/09\/map-1024x496.png 1024w, https:\/\/www.nbaoke.com\/cn\/wp-content\/uploads\/2020\/09\/map-416x201.png 416w, https:\/\/www.nbaoke.com\/cn\/wp-content\/uploads\/2020\/09\/map-300x145.png 300w, https:\/\/www.nbaoke.com\/cn\/wp-content\/uploads\/2020\/09\/map-768x372.png 768w, https:\/\/www.nbaoke.com\/cn\/wp-content\/uploads\/2020\/09\/map-1536x744.png 1536w, https:\/\/www.nbaoke.com\/cn\/wp-content\/uploads\/2020\/09\/map-850x412.png 850w, https:\/\/www.nbaoke.com\/cn\/wp-content\/uploads\/2020\/09\/map-100x48.png 100w, https:\/\/www.nbaoke.com\/cn\/wp-content\/uploads\/2020\/09\/map.png 2024w\" sizes=\"(max-width: 1012px) 100vw, 1012px\" \/><div class=\"pit\">\n\t<div class=\"pita china l1\">\n\t\t<a href=\"#contact1\" class=\"c1\">\n\t\t<span><\/span>\n\t\t<div class=\"pin_text\">\nAOKE-\u4e2d\u56fd\n\t\t\t\t\t\t\n\t\t<\/div>\n\t\t<\/a>\n\t<\/div>\n\t<div class=\"pita eu l3\">\n\t\t<a href=\"#contact2\" class=\"c2\">\n\t\t<span><\/span>\n\t\t<div class=\"pin_text \">\n\t\t\t\t\t\tAOKE-\u6b27\u6d32\n\t\t<\/div>\n\t\t<\/a>\n\t<\/div>\n\t<div class=\"pita taiguo eu l3\">\n\t\t<a href=\"#contact3\" class=\"c3\">\n\t\t<span><\/span>\n\t\t<div class=\"pin_text\">\nAOKE-\u4e1c\u5357\u4e9a\n\t\t<\/div>\n\t\t<\/a>\n\t<\/div>\n\t<div class=\"pita malai l3\">\n\t\t<a href=\"#contact3\" class=\"c3\">\n\t\t<span><\/span>\n\t\t<div class=\"pin_text\">\nAOKE-\u9a6c\u6765\u897f\u4e9a\n\t\t<\/div>\n\t\t<\/a>\n\t<\/div>\n\t<div class=\"pita dibai l3\">\n\t\t<a href=\"#contact3\" class=\"c7\">\n\t\t <span><\/span>\n\t\t<div class=\"pin_text\">\nAOKE-\u4e2d\u4e1c\n\t\t<\/div>\n\t\t<\/a>\n\t<\/div>\n\t\n\t\n<\/div><\/figure><\/div>\n\n\n\n<p><\/p>\n<\/div><\/div>\n\n\n\n<style>\n.clearfix:after {\n    content: \".\";\n    display: block;\n    height: 0;\n    clear: both;\n    visibility: hidden;\n}\n.con_1 {\n \tpadding: 0px 15px 50px;max-width: 1100px;\n    width: 100%;\n    margin: auto;    outline: none;margin-bottom:1em;\n }\n .con_1 #contact1 .li1.rt iframe{\n    margin: 40px auto 0;\ndisplay: block;\n}\n.con_1 #contact1 .main20 .li1 .rt{\nbackground:none;\n}\n .con_1 #contact1 .li1 {\n    width: 520px;\nmargin-bottom: 0px;\n}\n .con_1 .li1{\n \tfloat: left;\n \twidth: 490px;\n \theight: 515px;\n \tmargin-bottom: 20px;\npadding-top:10px;\npadding-bottom:10px;\nborder-top: 100px solid #fff\n }\n.con_1 .main20.li1,.con_1 .main20 .li1{\nbackground:#036bae;\n}\n.con_1 .main20 h2{\ncolor: #fff !important;\n}\n.con_1 .main20 p{\ncolor: #fff !important;\n}\n .con_1 .li1a{\ndisplay:none;\n}\n .con_1 .li1 .img {\n \twidth: 100%;\n \theight: 200px;\n \toverflow: hidden;\n \tmargin-bottom: 20px;\n }\n  .con_1 .li1 .img img{\n  \twidth: 100%;\n  }\n \n .con_1 .li1{\n  \t\n  }\n    .con_1 .li1 h2 {\n\t\tfont-size: 24px;border-bottom: 0px solid #ccc;\n\t\tpadding-bottom:10px;padding-left:15px;\n\t\tmargin-bottom: 0px;    color: #036bae;font-weight: 900;\n\t}\n\t.con_1 .li1 p {\n\t\tborder-left: 2px solid #036bae;\n\t\tpadding-left: 20px;\n\t\tpadding-bottom: 4px;margin: 0;color:#333;\n\t}\n\t.con_1 .li1 p:last-child {\n\t\tpadding-bottom: 0;\n\t}\n\t.con_1 .li1 p b{\n\t\tdisplay: block;\n\t\tfont-size: 16px;\n\t\twidth: 60px;\n\t\tfloat: left;\n\t}\n\t.con_1 .li1 p span{\n\t\tdisplay: block;\n\t\tfloat: right;\n\t\twidth: 400px;font-size:14px;\n\t}\n\t\n\t.con_1 .li1.rt{\n  \tfloat: right;\n  }\n<\/style>\n<div class=\"con_1 \">\n<div class=\"w1250 md clearfix\">\n<div id=\"contact1\">\n\n<div class=\"li1\">\n<h2>\u6fb3\u67ef<\/h2>\n<div class=\"img\">\n<figure class=\"wp-block-image size-large\"><img decoding=\"async\" src=\"http:\/\/nbaoke.com\/wp-content\/uploads\/2020\/09\/a3a.jpg\" alt=\"\" class=\"wp-image-167\"><\/figure>\n<\/div>\n<p class=\"clearfix\">\n<b>\u5730\u5740\uff1a<\/b><span>\u5b81\u6ce2\u5e02\u59dc\u5c71\u9547\u79d1\u6280\u56ed\u73af\u9547\u5317\u8def160\u53f7<\/span>\n<\/p><p class=\"clearfix\">\n<b>\u7535\u8bdd\uff1a&nbsp;<\/b><span>+86-574-88193751&nbsp;\/ +86-574-88193756<\/span>\n<\/p>\n<p class=\"clearfix\">\n <b>\u90ae\u7bb1:&nbsp;<\/b><span>\u5bf9\u5916\u8d38\u6613: chenxingliang@nbgitsmart.com\n<\/span>\n<span>\u56fd\u5185\u8d38\u6613: chenhaiguang@nbgitsmart.com\n<\/span>\n<\/p>\n<p class=\"clearfix\">\n <b>\u4f20\u771f\uff1a&nbsp;<\/b><span>+86-&nbsp;574-88193752<\/span>\n<\/p>\n<\/div>\n<!--\n<div class=\"li1 rt\">\n<iframe src=\"https:\/\/www.google.com\/maps\/embed?pb=!1m14!1m8!1m3!1d27705.000769546194!2d121.51231492558281!3d29.774024097025965!3m2!1i1024!2i768!4f13.1!3m3!1m2!1s0x344d794936a57d0b%3A0x9a3662d708d42831!2sHuan%20Zhen%20Bei%20Lu%2C%20Yinzhou%20Qu%2C%20Ningbo%20Shi%2C%20Zhejiang%20Sheng%2C%20China!5e0!3m2!1sen!2shk!4v1637734683311!5m2!1sen!2shk\" width=\"490\" height=\"350\" style=\"border:0;\" allowfullscreen=\"\" loading=\"lazy\"><\/iframe>\n<\/div>\n-->\n<div class=\"li1 rt\">\n<!--\n<h2>\u6fb3\u67ef\u529e\u516c\u5ba4<\/h2>\n<div class=\"img\">\n<figure class=\"wp-block-image size-large\"><img decoding=\"async\" src=\"http:\/\/nbaoke.com\/wp-content\/uploads\/2020\/09\/a3b.jpg\" alt=\"\" class=\"wp-image-167\"><\/figure>\n<\/div>\n<p class=\"clearfix\">\n<b>\u5730\u5740\uff1a<\/b><span>\u6d59\u6c5f\u7701\u5b81\u6ce2\u5e02\u911e\u5dde\u5929\u901a\u5357\u8def666\u53f7\u4e2d\u57fa\u5927\u53a61603-1604\u5ba4 315199<\/span>\n<\/p>\n<p class=\"clearfix\">\n<b>\u7535\u8bdd\uff1a<\/b><span>+86-574-88193751<\/span>\n<\/p>\n<p class=\"clearfix\">\n<b>EML : <\/b><span>chenxingliang@aokefurniture.com<\/span>\n<\/p>\n<p class=\"clearfix\">\n<b>\u4f20\u771f\uff1a<\/b><span>+86- 574-88193752<\/span>\n<\/p>\n-->\n<\/div>\n<!--\n<div class=\"li1 rt\">\n<iframe src=\"https:\/\/www.google.com\/maps\/embed?pb=!1m18!1m12!1m3!1d3462.0079172532933!2d121.54574831544741!3d29.806315636736702!2m3!1f0!2f0!3f0!3m2!1i1024!2i768!4f13.1!3m3!1m2!1s0x344d7c6d5ffc649f%3A0xc65010fa7799d1c0!2z5Lit5Z-65aSn5Y6m!5e0!3m2!1sen!2shk!4v1637734936249!5m2!1sen!2shk\" width=\"490\" height=\"350\" style=\"border:0;\" allowfullscreen=\"\" loading=\"lazy\"><\/iframe>\n<\/div>\n-->\n<\/div>\n\n<div class=\"li1\" id=\"contact2\">\n<h2>AOKE EUROPE B.V.<\/h2>\n<div class=\"img\">\n<figure class=\"wp-block-image size-large\"><img decoding=\"async\" src=\"http:\/\/www.nbaoke.com\/wp-content\/uploads\/2025\/07\/Munco_260623_Aoke_0791.jpg\" alt=\"\" class=\"wp-image-167\"><\/figure>\n<\/div>\n<p class=\"clearfix\">\n<b>\u5730\u5740\uff1a<\/b><span>De Hanze 3, 6049 HZ Herten (NL)<\/span><\/p>\n<p class=\"clearfix\">\n<b>\u7535\u8bdd\uff1a<\/b><span>+31 475 729 890<\/span><\/p>\n<p class=\"clearfix\"><b>EML: <\/b><span>sales@aoke-europe.com<\/span><\/p>\n<p class=\"clearfix\"><b>\u7f51\u5740\uff1a <\/b><span>www.aoke-europe.com<\/span>\n<\/p>\n<\/div>\n<!--<div class=\"li1 rt\" id=\"contact2r\">\n<h2>GLOBAL INTELLIGENT TECHNOLOGY<\/h2>\n<div class=\"img\">\n<figure class=\"wp-block-image size-large\"><img loading=\"lazy\" decoding=\"async\" width=\"600\" height=\"252\" src=\"http:\/\/nbaoke.com\/wp-content\/uploads\/2020\/09\/a3c.jpg\" alt=\"\" class=\"wp-image-167\" srcset=\"https:\/\/www.nbaoke.com\/cn\/wp-content\/uploads\/2020\/09\/a3c.jpg 600w, https:\/\/www.nbaoke.com\/cn\/wp-content\/uploads\/2020\/09\/a3c-416x175.jpg 416w, https:\/\/www.nbaoke.com\/cn\/wp-content\/uploads\/2020\/09\/a3c-100x41.jpg 100w\" sizes=\"(max-width: 600px) 100vw, 600px\" \/><\/figure>\n<\/div>\n<p class=\"clearfix\">\n<b>\n\u5730\u5740: <\/b><span>4030 E Quenton Dr Suite 101-GMesa, AZ 85215<\/span><\/p>\n<p class=\"clearfix\">\n<b>\u7535\u8bdd: <\/b><span>(678) 548 9278<\/span><\/p>\n<p class=\"clearfix\">\n<b>EML: <\/b><span>sales@naglinte.com<\/span>\n<\/p>\n<\/div>\n-->\n\n<div class=\"li1 rt\" id=\"contact3\">\n<h2>\nAOKE SOUTHEAST ASIA CO.,LTD.<\/h2>\n<div class=\"img\">\n<figure class=\"wp-block-image size-large\"><img decoding=\"async\" src=\"https:\/\/www.nbaoke.com\/cn\/wp-content\/uploads\/2022\/04\/17971650346629.jpg\" alt=\"\" class=\"wp-image-167\"><\/figure>\n<\/div>\n<p class=\"clearfix\">\n<b>\n\u5730\u5740: <\/b><span>29 Lat Sawai,Lam Luk Ka District, Pathum Thani 12150<\/span><\/p>\n<p class=\"clearfix\">\t\t\t\t\t\t\t\n<b>\u7535\u8bdd <\/b><span>+66942152126<\/span><\/p>\n<p class=\"clearfix\"><b>EML: <\/b><span>sale01@aokesa.com\n\n\n<\/span>\n<\/p>\n<p class=\"clearfix\"><b>\u7f51\u5740: <\/b><span>www.aokesa.com<\/span>\n<\/p>\n<\/div>\n<!--\n<div class=\"li1 rt\" id=\"contact3r\">\n<h2>AOKE ISRAEL<\/h2>\n<div class=\"img\">\n<figure class=\"wp-block-image size-large\"><img decoding=\"async\" src=\"http:\/\/nbaoke.com\/wp-content\/uploads\/2020\/09\/a3h.jpg\" alt=\"\" class=\"wp-image-167\"><\/figure>\n<\/div>\n<p class=\"clearfix\">\n<b>\n\u5730\u5740: <\/b><span>Waxman Office Furniture Bnei Brak, Israel 28 Lechi Street<\/span><\/p>\n<p class=\"clearfix\">\n<b>\u7535\u8bdd: <\/b><span>03-6161601<\/span><\/p>\n<p class=\"clearfix\">\n<b>EML: <\/b><span>info@waxman.co.il<\/span>\n<\/p>\n<p class=\"clearfix\"><b>\u7f51\u5740: <\/b><span>aoke.waxman.co.il<\/span>\n<\/p>\n\n<\/div>\n\n<div class=\"li1\" id=\"contact4\">\n<h2>AOKE UKRAINE<\/h2>\n<div class=\"img\">\n<figure class=\"wp-block-image size-large\"><img decoding=\"async\" src=\"http:\/\/nbaoke.com\/wp-content\/uploads\/2020\/09\/a3g.jpg\" alt=\"\" class=\"wp-image-167\"><\/figure>\n<\/div>\n<p class=\"clearfix\">\n<b>\n\u5730\u5740: <\/b><span>Ukraine, Kyiv 03037, 56 V. Lobanovsky Ave., office 4-1<\/span><\/p>\n<p class=\"clearfix\">\n<b>\u7535\u8bdd: <\/b><span>+38 (099) 515-16-17<\/span><\/p>\n<p class=\"clearfix\">\n<b>EML: <\/b><span>info@aoke.com.ua<\/span>\n<\/p>\n<p class=\"clearfix\"><b>\u7f51\u5740: <\/b><span>www.aoke.com.ua<\/span>\n<\/p>\n<\/div>\n\n<div class=\"li1 rt\" id=\"contact4r\">\n\n\n<h2>AOKE FINLAND<\/h2>\n<div class=\"img\">\n<figure class=\"wp-block-image size-large\"><img decoding=\"async\" src=\"http:\/\/nbaoke.com\/wp-content\/uploads\/2020\/09\/a3f.jpg\" alt=\"\" class=\"wp-image-167\"><\/figure>\n<\/div>\n<p class=\"clearfix\">\n<b>\n\u5730\u5740: <\/b><span>M\u00e4ntytie 5, 01830 in Leps\u00e4m\u00e4 (FI) (\"Seamotion\")<\/span><\/p>\n<p class=\"clearfix\">\n<b>\u7535\u8bdd: <\/b><span>+358 400937033<\/span><\/p>\n<p class=\"clearfix\">\n<b>EML: <\/b><span>jon@seamotion.fi<\/span>\n<\/p>\n<\/div>\n-->\n\n<\/div>\t\n<\/div>\n<script type=\"text\/javascript\">\njQuery(function ($) {\n  \n  $(\".c1\").click(function(){\n    $(\"#contact1\").addClass('main20');\n  });\n $(\".c2\").click(function(){\n    $(\"#contact2\").addClass('main20');\n  });\n$(\".c3\").click(function(){\n    $(\"#contact3\").addClass('main20');\n  });\n$(\".c4\").click(function(){\n    $(\"#contact2r\").addClass('main20');\n  });\n$(\".c5\").click(function(){\n    $(\"#contact4r\").addClass('main20');\n  });\n$(\".c6\").click(function(){\n    $(\"#contact4\").addClass('main20');\n  });\n$(\".c7\").click(function(){\n    $(\"#contact3r\").addClass('main20');\n  });\n \n\n});\n<\/script>\n\n\n\n<div class=\"wp-block-columns sbiaod s2021 is-layout-flex wp-container-core-columns-layout-1 wp-block-columns-is-layout-flex\">\n<div class=\"wp-block-column is-layout-flow wp-block-column-is-layout-flow\" style=\"flex-basis:52%\">\n<link rel=\"stylesheet\" type=\"text\/css\" href=\"..\/wp-content\/themes\/aoke\/assets\/css\/aoke\/upgrade.css\">\n<div class=\"sfl\" id=\"lx\">\n    <div class=\"a\"><span>\u7559\u8a00<\/span><b>\u73b0\u5728\u8054\u7cfb\u6211\u4eec<\/b><i><\/i><\/div>\n    <div class=\"b\"><p>\u5982\u679c\u60a8\u6709\u4efb\u4f55\u95ee\u9898\uff0c\u8bf7\u968f\u65f6\u4e0e\u6211\u4eec\u8054\u7cfb\u3002\u6211\u4eec\u968f\u65f6\u51c6\u5907\u63d0\u4f9b\u5168\u5929\u5019\u7684\u5e2e\u52a9\uff0c\u5de5\u5382\u76f4\u8fde\u89e3\u51b3\u65b9\u6848\u3002\u6211\u4eec\u81f4\u529b\u4e8e\u4e0e\u60a8\u5efa\u7acb\u7a33\u56fa\u7684\u5408\u4f5c\u5173\u7cfb\uff0c\u5e76\u4e3a\u60a8\u63d0\u4f9b\u6301\u4e45\u7684\u652f\u6301\u3002\u65e0\u8bba\u662f\u4ea7\u54c1\u4f7f\u7528\u6307\u5bfc\u3001\u6280\u672f\u652f\u6301\u8fd8\u662f\u552e\u540e\u7ef4\u4fee\uff0c\u6211\u4eec\u5c06\u5168\u7a0b\u4e0e\u60a8\u4fdd\u6301\u7d27\u5bc6\u8054\u7cfb\uff0c\u5171\u540c\u89e3\u51b3\u95ee\u9898\uff0c\u5b9e\u73b0\u5171\u540c\u53d1\u5c55\u3002<\/p>\n        <ul>\n            <li>\u5de5\u5382\u76f4\u8fde\u89e3\u51b3\u65b9\u6848\u3002<\/li>\n            <li>\u54c1\u8d28\u9ad8\uff0c\u4ef7\u683c\u597d\u3002<\/li>\n            <li>\u91cf\u8eab\u5b9a\u5236\u7684\u89e3\u51b3\u65b9\u6848\u3002<\/li>\n            <li>\u89e3\u51b3\u95ee\u9898\u7684\u65b9\u6cd5\u3002<\/li>\n        <\/ul>\n    <\/div>\n<\/div>\n\n\n\n<p><\/p>\n<\/div>\n\n\n\n<div class=\"wp-block-column is-layout-flow wp-block-column-is-layout-flow\">\n<div style=\"height:10px\" aria-hidden=\"true\" class=\"wp-block-spacer\"><\/div>\n\n\n<div class=\"wpforms-container wpforms-container-full wpforms-block wpforms-block-d11ac991-9c42-4d15-a850-3d7055b7be3c sky-form\" id=\"wpforms-44\"><form id=\"wpforms-form-44\" class=\"wpforms-validate wpforms-form\" data-formid=\"44\" method=\"post\" enctype=\"multipart\/form-data\" action=\"\/cn\/wp-json\/wp\/v2\/pages\/71\" data-token=\"0e316d32a08cd58824e27ef2818a046b\"><noscript class=\"wpforms-error-noscript\">\u8bf7\u5728\u6d4f\u89c8\u5668\u4e2d\u542f\u7528JavaScript\u6765\u5b8c\u6210\u6b64\u8868\u5355\u3002<\/noscript><div class=\"wpforms-field-container\"><div id=\"wpforms-44-field_0-container\" class=\"wpforms-field wpforms-field-name\" data-field-id=\"0\"><label class=\"wpforms-field-label wpforms-label-hide\" for=\"wpforms-44-field_0\">\u59d3\u540d<\/label><input type=\"text\" id=\"wpforms-44-field_0\" class=\"wpforms-field-large\" name=\"wpforms[fields][0]\" placeholder=\"\u540d\u5b57\" ><\/div><div id=\"wpforms-44-field_1-container\" class=\"wpforms-field wpforms-field-email\" data-field-id=\"1\"><label class=\"wpforms-field-label wpforms-label-hide\" for=\"wpforms-44-field_1\">\u90ae\u7bb1 <span class=\"wpforms-required-label\">*<\/span><\/label><input type=\"email\" id=\"wpforms-44-field_1\" class=\"wpforms-field-large wpforms-field-required\" name=\"wpforms[fields][1]\" placeholder=\"*\u90ae\u7bb1\" spellcheck=\"false\" required><\/div><div id=\"wpforms-44-field_5-container\" class=\"wpforms-field wpforms-field-text\" data-field-id=\"5\"><label class=\"wpforms-field-label wpforms-label-hide\" for=\"wpforms-44-field_5\">\u7535\u8bdd<\/label><input type=\"text\" id=\"wpforms-44-field_5\" class=\"wpforms-field-large\" name=\"wpforms[fields][5]\" placeholder=\"\u7535\u8bdd\" ><\/div><div id=\"wpforms-44-field_7-container\" class=\"wpforms-field wpforms-field-text\" data-field-id=\"7\"><label class=\"wpforms-field-label wpforms-label-hide\" for=\"wpforms-44-field_7\">\u56fd\u5bb6<\/label><input type=\"text\" id=\"wpforms-44-field_7\" class=\"wpforms-field-large\" name=\"wpforms[fields][7]\" placeholder=\"\u56fd\u5bb6\" ><\/div><div id=\"wpforms-44-field_2-container\" class=\"wpforms-field wpforms-field-textarea\" data-field-id=\"2\"><label class=\"wpforms-field-label wpforms-label-hide\" for=\"wpforms-44-field_2\">\u7559\u8a00 <span class=\"wpforms-required-label\">*<\/span><\/label><textarea id=\"wpforms-44-field_2\" class=\"wpforms-field-medium wpforms-field-required\" name=\"wpforms[fields][2]\" placeholder=\"*\u5185\u5bb9\" required><\/textarea><\/div><\/div><!-- .wpforms-field-container --><div class=\"wpforms-submit-container\" ><input type=\"hidden\" name=\"wpforms[id]\" value=\"44\"><input type=\"hidden\" name=\"wpforms[author]\" value=\"1\"><button type=\"submit\" name=\"wpforms[submit]\" id=\"wpforms-submit-44\" class=\"wpforms-submit\" data-alt-text=\"Sending\u2026\" data-submit-text=\"\u63d0\u4ea4\" aria-live=\"assertive\" value=\"wpforms-submit\">\u63d0\u4ea4<\/button><\/div><\/form><\/div>  <!-- .wpforms-container -->\n\n\n<p><\/p>\n<\/div>\n<\/div>\n\n\n\n<div style=\"height:100px\" aria-hidden=\"true\" class=\"wp-block-spacer\"><\/div>\n","protected":false},"excerpt":{"rendered":"<p>\u6fb3\u67ef \u5730\u5740\uff1a\u5b81\u6ce2\u5e02\u59dc\u5c71\u9547\u79d1\u6280\u56ed\u73af\u9547\u5317\u8def160\u53f7 \u7535\u8bdd\uff1a&nbsp;+86-574-88193751&nbsp; [&hellip;]<\/p>\n","protected":false},"author":1,"featured_media":0,"parent":0,"menu_order":0,"comment_status":"closed","ping_status":"closed","template":"template-fullwidth.php","meta":{"footnotes":""},"_links":{"self":[{"href":"https:\/\/www.nbaoke.com\/cn\/wp-json\/wp\/v2\/pages\/71"}],"collection":[{"href":"https:\/\/www.nbaoke.com\/cn\/wp-json\/wp\/v2\/pages"}],"about":[{"href":"https:\/\/www.nbaoke.com\/cn\/wp-json\/wp\/v2\/types\/page"}],"author":[{"embeddable":true,"href":"https:\/\/www.nbaoke.com\/cn\/wp-json\/wp\/v2\/users\/1"}],"replies":[{"embeddable":true,"href":"https:\/\/www.nbaoke.com\/cn\/wp-json\/wp\/v2\/comments?post=71"}],"version-history":[{"count":159,"href":"https:\/\/www.nbaoke.com\/cn\/wp-json\/wp\/v2\/pages\/71\/revisions"}],"predecessor-version":[{"id":5748,"href":"https:\/\/www.nbaoke.com\/cn\/wp-json\/wp\/v2\/pages\/71\/revisions\/5748"}],"wp:attachment":[{"href":"https:\/\/www.nbaoke.com\/cn\/wp-json\/wp\/v2\/media?parent=71"}],"curies":[{"name":"wp","href":"https:\/\/api.w.org\/{rel}","templated":true}]}}